{"id":11,"date":"2021-11-17T11:21:55","date_gmt":"2021-11-17T14:21:55","guid":{"rendered":"https:\/\/mdigi.com.br\/divi5\/?page_id=11"},"modified":"2025-05-08T23:24:58","modified_gmt":"2025-05-09T02:24:58","slug":"padrao","status":"publish","type":"page","link":"https:\/\/mdigi.com.br\/divi5\/","title":{"rendered":"Padr\u00e3o"},"content":{"rendered":"<div class=\"et_pb_section_0 et_pb_section et_section_regular et_flex_section\">\n<div class=\"et_pb_row_0 et_pb_row et_flex_row\">\n<div class=\"et_pb_column_0 et_pb_column et_flex_column et_pb_css_mix_blend_mode_passthrough et_flex_column_24_24 et_flex_column_24_24_tablet et_flex_column_24_24_phone\">\n<div class=\"et_pb_text_0 et_pb_text et_pb_bg_layout_light et_pb_module et_flex_module\"><div class=\"et_pb_text_inner\"><h1>T\u00cdTULO 1 T\u00cdTULO T\u00cdTULO T\u00cdTULO T\u00cdTULO T\u00cdTULO<\/h1>\n<\/div><\/div>\n\n<div class=\"et_pb_text_1 et_pb_text et_pb_bg_layout_light et_pb_module et_flex_module\"><div class=\"et_pb_text_inner\"><h2>T\u00cdTULO 2 T\u00cdTULO T\u00cdTULO T\u00cdTULO T\u00cdTULO T\u00cdTULO T\u00cdTULO<\/h2>\n<\/div><\/div>\n\n<div class=\"et_pb_text_2 et_pb_text et_pb_bg_layout_light et_pb_module et_flex_module\"><div class=\"et_pb_text_inner\"><h3>T\u00cdTULO 3 T\u00cdTULO T\u00cdTULO T\u00cdTULO T\u00cdTULO T\u00cdTULO T\u00cdTULO T\u00cdTULO T\u00cdTULO<\/h3>\n<\/div><\/div>\n\n<div class=\"et_pb_text_3 et_pb_text et_pb_bg_layout_light et_pb_module et_flex_module\"><div class=\"et_pb_text_inner\"><p>Your content goes here. Edit or remove this text inline or in the module Content settings. You can also style every aspect of this content in the module Design settings and even apply custom CSS to this text in the module Advanced settings.<\/p>\n<\/div><\/div>\n<\/div>\n\n<div class=\"et_pb_column_1 et_pb_column et-last-child et_flex_column et_pb_css_mix_blend_mode_passthrough et_flex_column_24_24 et_flex_column_24_24_tablet et_flex_column_24_24_phone\">\n<div class=\"et_pb_contact_form_0 et_pb_contact_form_container clearfix et_pb_module et_flex_module\" data-form_unique_num=\"0\" data-form_unique_id=\"7067d836e5cc6b8d0df5f1ee01accc26\" id=\"et_pb_contact_form_7067d836e5cc6b8d0df5f1ee01accc26\"><div class=\"et-pb-contact-message\"><\/div><div class=\"et_pb_contact\"><form class=\"et_pb_contact_form et_flex_module\" method=\"post\" action=\"https:\/\/mdigi.com.br\/divi5\/wp-json\/wp\/v2\/pages\/11\">\n<div class=\"et_pb_contact_field_0 et_pb_contact_field et_pb_module et_flex_module et_flex_column_24_24 et_flex_column_24_24_tablet et_flex_column_24_24_phone\" data-id=\"nome\" data-type=\"input\"><label class=\"et_pb_contact_form_label\" for=\"et_pb_contact_0_nome_0\">Nome<\/label><input type=\"text\" name=\"et_pb_contact_0_nome_0\" id=\"et_pb_contact_0_nome_0\" class=\"input\" data-required_mark=\"required\" data-field_type=\"input\" data-original_id=\"nome\" placeholder=\"Nome\" title=\"\" value=\"\" \/><\/div>\n\n<div class=\"et_pb_contact_field_1 et_pb_contact_field et_pb_module et_flex_module et_flex_column_24_24 et_flex_column_24_24_tablet et_flex_column_24_24_phone\" data-id=\"telefone\" data-type=\"input\"><label class=\"et_pb_contact_form_label\" for=\"et_pb_contact_0_telefone_1\">Telefone (WhatsApp)<\/label><input type=\"text\" name=\"et_pb_contact_0_telefone_1\" id=\"et_pb_contact_0_telefone_1\" class=\"input\" data-required_mark=\"required\" data-field_type=\"input\" data-original_id=\"telefone\" placeholder=\"Telefone (WhatsApp)\" title=\"\" value=\"\" \/><\/div>\n\n<div class=\"et_pb_contact_field_2 et_pb_contact_field et_pb_module et_flex_module et_flex_column_24_24 et_flex_column_24_24_tablet et_flex_column_24_24_phone\" data-id=\"email\" data-type=\"email\"><label class=\"et_pb_contact_form_label\" for=\"et_pb_contact_0_email_2\">E-mail (opcional)<\/label><input type=\"text\" name=\"et_pb_contact_0_email_2\" id=\"et_pb_contact_0_email_2\" class=\"input\" data-required_mark=\"not_required\" data-field_type=\"email\" data-original_id=\"email\" placeholder=\"E-mail (opcional)\" title=\"\" value=\"\" \/><\/div>\n\n<div class=\"et_pb_contact_field_3 et_pb_contact_field et_pb_module et_flex_module et_flex_column_24_24 et_flex_column_24_24_tablet et_flex_column_24_24_phone\" data-id=\"mensagem\" data-type=\"text\"><label class=\"et_pb_contact_form_label\" for=\"et_pb_contact_0_mensagem_3\">Mensagem<\/label><textarea name=\"et_pb_contact_0_mensagem_3\" id=\"et_pb_contact_0_mensagem_3\" class=\"et_pb_contact_message input\" data-required_mark=\"required\" data-field_type=\"text\" data-original_id=\"mensagem\" placeholder=\"Mensagem\"><\/textarea><\/div>\n<input type=\"hidden\" name=\"et_pb_contactform_submit_7067d836e5cc6b8d0df5f1ee01accc26\" value=\"et_contact_proccess\" \/><div class=\"et_contact_bottom_container\"><div class=\"et_pb_button_wrapper\"><button type=\"submit\" name=\"et_builder_submit_button\" class=\"et_pb_button et_pb_contact_submit\">Enviar<\/button><\/div><\/div><input type=\"hidden\" id=\"_wpnonce-et-pb-contact-form-submitted-7067d836e5cc6b8d0df5f1ee01accc26\" name=\"_wpnonce-et-pb-contact-form-submitted-7067d836e5cc6b8d0df5f1ee01accc26\" value=\"41bbbf5392\" \/><input type=\"hidden\" name=\"_wp_http_referer\" value=\"\/divi5\/wp-json\/wp\/v2\/pages\/11\" \/><\/form><\/div><\/div>\n<\/div>\n<\/div>\n<\/div>\n\n<div class=\"et_pb_section_1 et_pb_section et_section_regular et_flex_section\">\n<div class=\"et_pb_row_1 et_pb_row et_flex_row\">\n<div class=\"et_pb_column_2 et_pb_column et_flex_column et_pb_column_empty et_pb_css_mix_blend_mode_passthrough et_flex_column_24_24 et_flex_column_24_24_tablet et_flex_column_24_24_phone\"><\/div>\n\n<div class=\"et_pb_column_3 et_pb_column et_flex_column et_pb_css_mix_blend_mode_passthrough et_flex_column_24_24 et_flex_column_24_24_tablet et_flex_column_24_24_phone\">\n<div class=\"et_pb_blurb_0 et_pb_blurb et_pb_bg_layout_light et_pb_blurb_position_top et_pb_module et_flex_module\"><div class=\"et_pb_blurb_content et_flex_module\"><div class=\"et_pb_main_blurb_image\"><span class=\"et_pb_image_wrap et_pb_only_image_mode_wrap\"><img decoding=\"async\" src=\"data:image\/svg+xml;base64,PHN2ZyB3aWR0aD0iMTA4MCIgaGVpZ2h0PSI1NDAiIHZpZXdCb3g9IjAgMCAxMDgwIDU0MCIgeG1sbnM9Imh0dHA6Ly93d3cudzMub3JnLzIwMDAvc3ZnIj4KICAgIDxnIGZpbGw9Im5vbmUiIGZpbGwtcnVsZT0iZXZlbm9kZCI+CiAgICAgICAgPHBhdGggZmlsbD0iI0VCRUJFQiIgZD0iTTAgMGgxMDgwdjU0MEgweiIvPgogICAgICAgIDxwYXRoIGQ9Ik00NDUuNjQ5IDU0MGgtOTguOTk1TDE0NC42NDkgMzM3Ljk5NSAwIDQ4Mi42NDR2LTk4Ljk5NWwxMTYuMzY1LTExNi4zNjVjMTUuNjItMTUuNjIgNDAuOTQ3LTE1LjYyIDU2LjU2OCAwTDQ0NS42NSA1NDB6IiBmaWxsLW9wYWNpdHk9Ii4xIiBmaWxsPSIjMDAwIiBmaWxsLXJ1bGU9Im5vbnplcm8iLz4KICAgICAgICA8Y2lyY2xlIGZpbGwtb3BhY2l0eT0iLjA1IiBmaWxsPSIjMDAwIiBjeD0iMzMxIiBjeT0iMTQ4IiByPSI3MCIvPgogICAgICAgIDxwYXRoIGQ9Ik0xMDgwIDM3OXYxMTMuMTM3TDcyOC4xNjIgMTQwLjMgMzI4LjQ2MiA1NDBIMjE1LjMyNEw2OTkuODc4IDU1LjQ0NmMxNS42Mi0xNS42MiA0MC45NDgtMTUuNjIgNTYuNTY4IDBMMTA4MCAzNzl6IiBmaWxsLW9wYWNpdHk9Ii4yIiBmaWxsPSIjMDAwIiBmaWxsLXJ1bGU9Im5vbnplcm8iLz4KICAgIDwvZz4KPC9zdmc+Cg==\" class=\"et-waypoint et_pb_animation_top et_pb_animation_top_tablet et_pb_animation_top_phone\" \/><\/span><\/div><div class=\"et_pb_blurb_container\"><h4 class=\"et_pb_module_header\">Your Title Goes Here<\/h4><div class=\"et_pb_blurb_description\"><p>Your content goes here. Edit or remove this text inline or in the module Content settings. You can also style every aspect of this content in the module Design settings and even apply custom CSS to this text in the module Advanced settings.<\/p>\n<\/div><\/div><\/div><\/div>\n<\/div>\n\n<div class=\"et_pb_column_4 et_pb_column et-last-child et_flex_column et_pb_css_mix_blend_mode_passthrough et_flex_column_24_24 et_flex_column_24_24_tablet et_flex_column_24_24_phone\">\n<div class=\"et_pb_contact_form_1 et_pb_contact_form_container clearfix et_pb_module et_flex_module\" data-form_unique_num=\"1\" data-form_unique_id=\"992a670dde86ce9baa98809866ce1eff\" id=\"et_pb_contact_form_992a670dde86ce9baa98809866ce1eff\"><div class=\"et-pb-contact-message\"><\/div><div class=\"et_pb_contact\"><form class=\"et_pb_contact_form et_flex_module\" method=\"post\" action=\"https:\/\/mdigi.com.br\/divi5\/wp-json\/wp\/v2\/pages\/11\">\n<div class=\"et_pb_contact_field_4 et_pb_contact_field et_pb_module et_flex_module et_flex_column_24_24 et_flex_column_24_24_tablet et_flex_column_24_24_phone\" data-id=\"nome_2\" data-type=\"input\"><label class=\"et_pb_contact_form_label\" for=\"et_pb_contact_1_nome_2_4\">Nome<\/label><input type=\"text\" name=\"et_pb_contact_1_nome_2_4\" id=\"et_pb_contact_1_nome_2_4\" class=\"input\" data-required_mark=\"required\" data-field_type=\"input\" data-original_id=\"nome_2\" placeholder=\"Nome\" title=\"\" value=\"\" \/><\/div>\n\n<div class=\"et_pb_contact_field_5 et_pb_contact_field et_pb_module et_flex_module et_flex_column_24_24 et_flex_column_24_24_tablet et_flex_column_24_24_phone\" data-id=\"telefone_2\" data-type=\"input\"><label class=\"et_pb_contact_form_label\" for=\"et_pb_contact_1_telefone_2_5\">Telefone (WhatsApp)<\/label><input type=\"text\" name=\"et_pb_contact_1_telefone_2_5\" id=\"et_pb_contact_1_telefone_2_5\" class=\"input\" data-required_mark=\"required\" data-field_type=\"input\" data-original_id=\"telefone_2\" placeholder=\"Telefone (WhatsApp)\" title=\"\" value=\"\" \/><\/div>\n\n<div class=\"et_pb_contact_field_6 et_pb_contact_field et_pb_module et_flex_module et_flex_column_24_24 et_flex_column_24_24_tablet et_flex_column_24_24_phone\" data-id=\"email_2\" data-type=\"email\"><label class=\"et_pb_contact_form_label\" for=\"et_pb_contact_1_email_2_6\">E-mail (opcional)<\/label><input type=\"text\" name=\"et_pb_contact_1_email_2_6\" id=\"et_pb_contact_1_email_2_6\" class=\"input\" data-required_mark=\"not_required\" data-field_type=\"email\" data-original_id=\"email_2\" placeholder=\"E-mail (opcional)\" title=\"\" value=\"\" \/><\/div>\n\n<div class=\"et_pb_contact_field_7 et_pb_contact_field et_pb_module et_flex_module et_flex_column_24_24 et_flex_column_24_24_tablet et_flex_column_24_24_phone\" data-id=\"mensagem_2\" data-type=\"text\"><label class=\"et_pb_contact_form_label\" for=\"et_pb_contact_1_mensagem_2_7\">Mensagem<\/label><textarea name=\"et_pb_contact_1_mensagem_2_7\" id=\"et_pb_contact_1_mensagem_2_7\" class=\"et_pb_contact_message input\" data-required_mark=\"required\" data-field_type=\"text\" data-original_id=\"mensagem_2\" placeholder=\"Mensagem\"><\/textarea><\/div>\n<input type=\"hidden\" name=\"et_pb_contactform_submit_992a670dde86ce9baa98809866ce1eff\" value=\"et_contact_proccess\" \/><div class=\"et_contact_bottom_container\"><div class=\"et_pb_button_wrapper\"><button type=\"submit\" name=\"et_builder_submit_button\" class=\"et_pb_button et_pb_contact_submit\">Enviar<\/button><\/div><\/div><input type=\"hidden\" id=\"_wpnonce-et-pb-contact-form-submitted-992a670dde86ce9baa98809866ce1eff\" name=\"_wpnonce-et-pb-contact-form-submitted-992a670dde86ce9baa98809866ce1eff\" value=\"6e6fdfd261\" \/><input type=\"hidden\" name=\"_wp_http_referer\" value=\"\/divi5\/wp-json\/wp\/v2\/pages\/11\" \/><\/form><\/div><\/div>\n<\/div>\n<\/div>\n<\/div>","protected":false},"excerpt":{"rendered":"","protected":false},"author":1,"featured_media":0,"parent":0,"menu_order":0,"comment_status":"closed","ping_status":"closed","template":"","meta":{"footnotes":""},"class_list":["post-11","page","type-page","status-publish","hentry"],"dsm_author":{"name":"marcio","avatar_url":"https:\/\/secure.gravatar.com\/avatar\/fd3bfa20b3086788b5e2bd9f222816f1ff8d9803bfc37a451c2300e88cdc6e29?s=96&d=mm&r=g","archive_link":"https:\/\/mdigi.com.br\/divi5\/author\/marcio\/","biodata":""},"dsm_categories":[],"dsm_attachment_categories":[],"dsm_featured_image":null,"_links":{"self":[{"href":"https:\/\/mdigi.com.br\/divi5\/wp-json\/wp\/v2\/pages\/11","targetHints":{"allow":["GET"]}}],"collection":[{"href":"https:\/\/mdigi.com.br\/divi5\/wp-json\/wp\/v2\/pages"}],"about":[{"href":"https:\/\/mdigi.com.br\/divi5\/wp-json\/wp\/v2\/types\/page"}],"author":[{"embeddable":true,"href":"https:\/\/mdigi.com.br\/divi5\/wp-json\/wp\/v2\/users\/1"}],"replies":[{"embeddable":true,"href":"https:\/\/mdigi.com.br\/divi5\/wp-json\/wp\/v2\/comments?post=11"}],"version-history":[{"count":24,"href":"https:\/\/mdigi.com.br\/divi5\/wp-json\/wp\/v2\/pages\/11\/revisions"}],"predecessor-version":[{"id":245993,"href":"https:\/\/mdigi.com.br\/divi5\/wp-json\/wp\/v2\/pages\/11\/revisions\/245993"}],"wp:attachment":[{"href":"https:\/\/mdigi.com.br\/divi5\/wp-json\/wp\/v2\/media?parent=11"}],"curies":[{"name":"wp","href":"https:\/\/api.w.org\/{rel}","templated":true}]}}